{"id":46264,"date":"2022-03-07T06:31:19","date_gmt":"2022-03-07T10:31:19","guid":{"rendered":"https:\/\/generationecom.com\/?page_id=46264"},"modified":"2024-02-19T12:23:30","modified_gmt":"2024-02-19T16:23:30","slug":"the-agency-en-2","status":"publish","type":"page","link":"https:\/\/generationecom.com\/en\/the-agency-en-2\/","title":{"rendered":"The agency &#8211; en"},"content":{"rendered":"<h3 style=\"font-family: Poppins; color: #005275;\"><strong>More sales, less mistakes!<\/strong><\/h3>\n<p>Save time and eliminate many risks by consulting us. With our expertise, you have access to all the services necessary to generate an online store faithful to Amazon and Alibaba standards.<\/p>\n<h3 style=\"font-family: Poppins; color: #005275;\"><strong>Many employees at your service<\/strong><\/h3>\n<h1>A DIVERSE TEAM OF EXPERTS<\/h1>\n<p>At Generation eCom, we have an exceptional and diverse team of many Amazon and Alibaba marketing<br \/>experts dedicated to growing your products in the marketplace.<\/p>\n<p>Let the agency take over creating, optimizing, and executing your product listings and managing<br \/>your storefronts; conceptualizing an effective ads strategy for Amazon, and more, so you can handle all<br \/>your other business needs.<\/p>\n<h3>Mission<\/h3>\n<p>Facilitate business in major marketplaces like Amazon and Alibaba for manufacturers and brands.<\/p>\n<h3>Values<\/h3>\n<ul>\n<li style=\"font-weight: 400;\" aria-level=\"1\">Collaboration<\/li>\n<li style=\"font-weight: 400;\" aria-level=\"1\">Determination<\/li>\n<li style=\"font-weight: 400;\" aria-level=\"1\">Growth<\/li>\n<li style=\"font-weight: 400;\" aria-level=\"1\">Client Satisfaction<\/li>\n<\/ul>\n<h2>The Agency Experts <\/h2>\n<p>\t\t\t\t\t\t\t\t\t\t\t\t\t\t\t<img loading=\"lazy\" decoding=\"async\" width=\"300\" height=\"300\" src=\"https:\/\/generationecom.com\/wp-content\/uploads\/2022\/02\/eric-paul-expert-amazon-president-300x300.jpg\" alt=\"\" srcset=\"https:\/\/generationecom.com\/wp-content\/uploads\/2022\/02\/eric-paul-expert-amazon-president-300x300.jpg 300w, https:\/\/generationecom.com\/wp-content\/uploads\/2022\/02\/eric-paul-expert-amazon-president-1024x1024.jpg 1024w, https:\/\/generationecom.com\/wp-content\/uploads\/2022\/02\/eric-paul-expert-amazon-president-150x150.jpg 150w, https:\/\/generationecom.com\/wp-content\/uploads\/2022\/02\/eric-paul-expert-amazon-president-768x768.jpg 768w, https:\/\/generationecom.com\/wp-content\/uploads\/2022\/02\/eric-paul-expert-amazon-president-600x600.jpg 600w, https:\/\/generationecom.com\/wp-content\/uploads\/2022\/02\/eric-paul-expert-amazon-president-100x100.jpg 100w, https:\/\/generationecom.com\/wp-content\/uploads\/2022\/02\/eric-paul-expert-amazon-president.jpg 1271w\" sizes=\"(max-width: 300px) 100vw, 300px\" \/>\t\t\t\t\t\t\t\t\t\t\t\t\t\t\t<\/p>\n<h4>Eric Paul \u2013 President | Visionary | Expert for Amazon<\/h4>\n<p>Eric Paul is an e-commerce management and brand development\u00a0specialist. Holder of an executive MBA, the career of this dynamic entrepreneur is rich in experience and success!<\/p>\n<p>Eric began his career in the manufacturing sector, where he held key positions with renowned companies such as Sobeys, Petro-Canada and Agropur. Shortly after, he created his first online business on eBay, the Mario Retro store. Thanks to the management of his own store, Eric also discovered a real talent for managing online stores on Amazon. He then developed his e-commerce distribution company.<\/p>\n<p>He currently heads Generation eCom, a company specializing in the management of Amazon and Alibaba stores which includes 4 departments and more than 20 employees.\u00a0With its go-to-market, e-commerce marketing, product development and logistics services, the team helps local businesses sell and avoid missteps.<\/p>\n<h4>Melissa Bolvin \u2013 Chief Operating Officer<\/h4>\n<p>Melissa has experience in digital marketing, e-commerce and online community funding and youth entrepreneurship.\u00a0 She also has a strong experience in project management, communication and public relations.<\/p>\n<p>She explored the many facets of marketing, ecommerce while studying Bachelor of Commerce with a minor in marketing at the University of Ottawa.<\/p>\n<p>Melissa is enthusiastic about helping businesses acquire competitive advantages in their different sectors by providing strategic planning services, setting short and long-term goals, assertive growth strategies, and the reassertion of existing business procedures.<\/p>\n<p>Melissa&#8217;s strong history in digital marketing and e-commerce assists her in monitoring ongoing operations, team productivity, and the building of a highly inclusive culture that ensures team members thrive and organizational goals are met as Chief Operating Officer at Generation eCom<\/p>\n<p>\t\t\t\t\t\t\t\t\t\t\t\t\t\t\t<img loading=\"lazy\" decoding=\"async\" width=\"300\" height=\"300\" src=\"https:\/\/generationecom.com\/wp-content\/uploads\/2022\/02\/Melissa-COO.jpg\" alt=\"\" srcset=\"https:\/\/generationecom.com\/wp-content\/uploads\/2022\/02\/Melissa-COO.jpg 300w, https:\/\/generationecom.com\/wp-content\/uploads\/2022\/02\/Melissa-COO-150x150.jpg 150w, https:\/\/generationecom.com\/wp-content\/uploads\/2022\/02\/Melissa-COO-100x100.jpg 100w\" sizes=\"(max-width: 300px) 100vw, 300px\" \/><br \/>\n\t\t\t\t\t\t\t\t\t\t\t\t\t\t\t<img loading=\"lazy\" decoding=\"async\" width=\"300\" height=\"300\" src=\"https:\/\/generationecom.com\/wp-content\/uploads\/2022\/02\/GAUTHIER-300x300-W-300x300.jpg\" alt=\"\" srcset=\"https:\/\/generationecom.com\/wp-content\/uploads\/2022\/02\/GAUTHIER-300x300-W-300x300.jpg 300w, https:\/\/generationecom.com\/wp-content\/uploads\/2022\/02\/GAUTHIER-300x300-W-150x150.jpg 150w, https:\/\/generationecom.com\/wp-content\/uploads\/2022\/02\/GAUTHIER-300x300-W-100x100.jpg 100w, https:\/\/generationecom.com\/wp-content\/uploads\/2022\/02\/GAUTHIER-300x300-W.jpg 600w\" sizes=\"(max-width: 300px) 100vw, 300px\" \/>\t\t\t\t\t\t\t\t\t\t\t\t\t\t\t<\/p>\n<h4>Gauthier Vaillant \u2013 Director of the Amazon Advertising Team<\/h4>\n<p>Since joining Generation eCom, Gauthier has successfully helped various clients in different industries to develop their company through ecommerce, leveraging in-depth analysis and customer insights to create and execute data-driven strategies.<\/p>\n<p>Having earned both a BBA and MBA in Marketing from two top-tier European Universities, Gauthier is now Generation eCom\u2019s PPC Department Manager.<\/p>\n<p>Gauthier runs strategic advertising and marketing campaigns that drive revenue, growth and market share for our clients, no matter the industry. Flexible and precise, Gauthier focuses on advertising that generates value for our clients while complementing organic SEO strategies.<\/p>\n<h4>Mathieu Poncelet \u2013  Strategy Manager<\/h4>\n<p>Mathieu holds a Bachelor&#8217;s degree in business administration from Hautes \u00c9tudes Commerciales in Montreal (HEC), with a specialization in marketing and eCommerce. For more than six years, he has specialized in selling on Amazon. He has successfully accompanied companies that sell throughout North America.<\/p>\n<p>Within Generation eCom, Mathieu is responsible for the Strategy and Analysis departments. Mr. Poncelet has the concern to respond effectively to the different needs of customers and has a management style oriented towards the achievement of results.<\/p>\n<p>In addition to his involvement with Generation eCom, Mathieu contributes to various projects in the context of the digital shift of Quebec companies, including those of the Conseil Qu\u00e9b\u00e9cois du Commerce de D\u00e9tail (CQCD), the \u00c9cole des Entrepreneurs du Qu\u00e9bec (EEQ), the Association Qu\u00e9b\u00e9coise des Technologies (AQT) and CEGEP Andr\u00e9-Laurendeau.<\/p>\n<p>\t\t\t\t\t\t\t\t\t\t\t\t\t\t\t<img loading=\"lazy\" decoding=\"async\" width=\"300\" height=\"300\" src=\"https:\/\/generationecom.com\/wp-content\/uploads\/2022\/02\/Mathieu-image-300x300-1.jpg\" alt=\"\" srcset=\"https:\/\/generationecom.com\/wp-content\/uploads\/2022\/02\/Mathieu-image-300x300-1.jpg 300w, https:\/\/generationecom.com\/wp-content\/uploads\/2022\/02\/Mathieu-image-300x300-1-150x150.jpg 150w, https:\/\/generationecom.com\/wp-content\/uploads\/2022\/02\/Mathieu-image-300x300-1-100x100.jpg 100w\" sizes=\"(max-width: 300px) 100vw, 300px\" \/>\t\t\t\t\t\t\t\t\t\t\t\t\t\t\t<\/p>\n<h2>Our Growth Team<\/h2>\n<p>\t\t\t\t\t\t\t\t\t\t\t\t\t\t\t<img decoding=\"async\" src=\"https:\/\/generationecom.com\/wp-content\/uploads\/2022\/01\/Icon-ProjectManager-100x100.png\" title=\"Icon-ProjectManager\" alt=\"Icon-ProjectManager\" loading=\"lazy\" \/>\t\t\t\t\t\t\t\t\t\t\t\t\t\t\t<\/p>\n<h6>Project Managers<\/h6>\n<p>Our Project Managers are responsible for planning goals and keeping the team focused.<\/p>\n<p>We have some of the best Project Manager dedicated to Amazon onboard. They work to help our teams set realistic goals, and then keep everything focused on those goals until the finish line.<\/p>\n<p>\t\t\t\t\t\t\t\t\t\t\t\t\t\t\t<img decoding=\"async\" src=\"https:\/\/generationecom.com\/wp-content\/uploads\/2022\/01\/Icon-ContentWriter-100x100.png\" title=\"Icon-ContentWriter\" alt=\"Icon-ContentWriter\" loading=\"lazy\" \/>\t\t\t\t\t\t\t\t\t\t\t\t\t\t\t<\/p>\n<h6>Content Writers\/Editors<\/h6>\n<p>Our writers and editors work tirelessly to understand how our sellers can rank more with their \u00a0content in order to drive sales to their platform. Working closely with creative design to ensure that text and visuals complement for maximum engagement.<\/p>\n<p>\t\t\t\t\t\t\t\t\t\t\t\t\t\t\t<img decoding=\"async\" src=\"https:\/\/generationecom.com\/wp-content\/uploads\/2022\/01\/Icon-AmazonAccountManager-100x100.png\" title=\"Icon-AmazonAccountManager\" alt=\"Icon-AmazonAccountManager\" loading=\"lazy\" \/>\t\t\t\t\t\t\t\t\t\t\t\t\t\t\t<\/p>\n<h6>Account Managers for Amazon<\/h6>\n<p>Our Account Managers support the team&#8217;s management of day-to-day relationships with external partners, while continuing to identify new opportunities to improve existing processes for seller onboarding, growth, and management.<\/p>\n","protected":false},"excerpt":{"rendered":"<p>More sales, less mistakes! Save time and eliminate many risks by consulting us. With our expertise, you have access to all the services necessary to generate an online store faithful to Amazon and Alibaba standards. Many employees at your service A DIVERSE TEAM OF EXPERTS At Generation eCom, we have an exceptional and diverse team [&hellip;]<\/p>\n","protected":false},"author":8,"featured_media":0,"parent":0,"menu_order":0,"comment_status":"closed","ping_status":"closed","template":"","meta":{"_et_pb_use_builder":"","_et_pb_old_content":"","_et_gb_content_width":"","footnotes":""},"class_list":["post-46264","page","type-page","status-publish","hentry"],"yoast_head":"<!-- This site is optimized with the Yoast SEO plugin v27.6 - https:\/\/yoast.com\/product\/yoast-seo-wordpress\/ -->\n<title>Marketplace Expert: Alibaba, Amazon &amp; More - Generation eCom<\/title>\n<meta name=\"description\" content=\"Save time and eliminate many risks. With our expertise, you have access to all the services necessary to generate an Amazon and Alibaba online store\" \/>\n<meta name=\"robots\" content=\"index, follow, max-snippet:-1, max-image-preview:large, max-video-preview:-1\" \/>\n<link rel=\"canonical\" href=\"https:\/\/generationecom.com\/en\/the-agency-en-2\/\" \/>\n<meta property=\"og:locale\" content=\"en_US\" \/>\n<meta property=\"og:type\" content=\"article\" \/>\n<meta property=\"og:title\" content=\"Marketplace Expert: Alibaba, Amazon &amp; More - Generation eCom\" \/>\n<meta property=\"og:description\" content=\"Save time and eliminate many risks. With our expertise, you have access to all the services necessary to generate an Amazon and Alibaba online store\" \/>\n<meta property=\"og:url\" content=\"https:\/\/generationecom.com\/en\/the-agency-en-2\/\" \/>\n<meta property=\"og:site_name\" content=\"Generation eCom\" \/>\n<meta property=\"article:publisher\" content=\"https:\/\/www.facebook.com\/GenerationEcom\/?fref=ts\" \/>\n<meta property=\"article:modified_time\" content=\"2024-02-19T16:23:30+00:00\" \/>\n<meta property=\"og:image\" content=\"https:\/\/generationecom.com\/wp-content\/uploads\/2022\/02\/eric-paul-expert-amazon-president-300x300.jpg\" \/>\n<meta name=\"twitter:card\" content=\"summary_large_image\" \/>\n<meta name=\"twitter:label1\" content=\"Est. reading time\" \/>\n\t<meta name=\"twitter:data1\" content=\"5 minutes\" \/>\n<script type=\"application\/ld+json\" class=\"yoast-schema-graph\">{\"@context\":\"https:\\\/\\\/schema.org\",\"@graph\":[{\"@type\":\"WebPage\",\"@id\":\"https:\\\/\\\/generationecom.com\\\/en\\\/the-agency-en-2\\\/\",\"url\":\"https:\\\/\\\/generationecom.com\\\/en\\\/the-agency-en-2\\\/\",\"name\":\"Marketplace Expert: Alibaba, Amazon & More - Generation eCom\",\"isPartOf\":{\"@id\":\"https:\\\/\\\/generationecom.com\\\/#website\"},\"primaryImageOfPage\":{\"@id\":\"https:\\\/\\\/generationecom.com\\\/en\\\/the-agency-en-2\\\/#primaryimage\"},\"image\":{\"@id\":\"https:\\\/\\\/generationecom.com\\\/en\\\/the-agency-en-2\\\/#primaryimage\"},\"thumbnailUrl\":\"https:\\\/\\\/generationecom.com\\\/wp-content\\\/uploads\\\/2022\\\/02\\\/eric-paul-expert-amazon-president-300x300.jpg\",\"datePublished\":\"2022-03-07T10:31:19+00:00\",\"dateModified\":\"2024-02-19T16:23:30+00:00\",\"description\":\"Save time and eliminate many risks. With our expertise, you have access to all the services necessary to generate an Amazon and Alibaba online store\",\"breadcrumb\":{\"@id\":\"https:\\\/\\\/generationecom.com\\\/en\\\/the-agency-en-2\\\/#breadcrumb\"},\"inLanguage\":\"en-US\",\"potentialAction\":[{\"@type\":\"ReadAction\",\"target\":[\"https:\\\/\\\/generationecom.com\\\/en\\\/the-agency-en-2\\\/\"]}]},{\"@type\":\"ImageObject\",\"inLanguage\":\"en-US\",\"@id\":\"https:\\\/\\\/generationecom.com\\\/en\\\/the-agency-en-2\\\/#primaryimage\",\"url\":\"https:\\\/\\\/generationecom.com\\\/wp-content\\\/uploads\\\/2022\\\/02\\\/eric-paul-expert-amazon-president-300x300.jpg\",\"contentUrl\":\"https:\\\/\\\/generationecom.com\\\/wp-content\\\/uploads\\\/2022\\\/02\\\/eric-paul-expert-amazon-president-300x300.jpg\"},{\"@type\":\"BreadcrumbList\",\"@id\":\"https:\\\/\\\/generationecom.com\\\/en\\\/the-agency-en-2\\\/#breadcrumb\",\"itemListElement\":[{\"@type\":\"ListItem\",\"position\":1,\"name\":\"Home\",\"item\":\"https:\\\/\\\/generationecom.com\\\/en\\\/\"},{\"@type\":\"ListItem\",\"position\":2,\"name\":\"The agency &#8211; en\"}]},{\"@type\":\"WebSite\",\"@id\":\"https:\\\/\\\/generationecom.com\\\/#website\",\"url\":\"https:\\\/\\\/generationecom.com\\\/\",\"name\":\"Generation eCom | Experts for Amazon | Montr\u00e9al, Qu\u00e9bec\",\"description\":\"Experts Marketplace\",\"publisher\":{\"@id\":\"https:\\\/\\\/generationecom.com\\\/#organization\"},\"alternateName\":\"GenerationEcom\",\"potentialAction\":[{\"@type\":\"SearchAction\",\"target\":{\"@type\":\"EntryPoint\",\"urlTemplate\":\"https:\\\/\\\/generationecom.com\\\/?s={search_term_string}\"},\"query-input\":{\"@type\":\"PropertyValueSpecification\",\"valueRequired\":true,\"valueName\":\"search_term_string\"}}],\"inLanguage\":\"en-US\"},{\"@type\":\"Organization\",\"@id\":\"https:\\\/\\\/generationecom.com\\\/#organization\",\"name\":\"Generation eCom\",\"alternateName\":\"gEcom\",\"url\":\"https:\\\/\\\/generationecom.com\\\/\",\"logo\":{\"@type\":\"ImageObject\",\"inLanguage\":\"en-US\",\"@id\":\"https:\\\/\\\/generationecom.com\\\/#\\\/schema\\\/logo\\\/image\\\/\",\"url\":\"https:\\\/\\\/generationecom.com\\\/wp-content\\\/uploads\\\/2022\\\/03\\\/cropped-GeneComlogo2-e1647622937739.png\",\"contentUrl\":\"https:\\\/\\\/generationecom.com\\\/wp-content\\\/uploads\\\/2022\\\/03\\\/cropped-GeneComlogo2-e1647622937739.png\",\"width\":200,\"height\":88,\"caption\":\"Generation eCom\"},\"image\":{\"@id\":\"https:\\\/\\\/generationecom.com\\\/#\\\/schema\\\/logo\\\/image\\\/\"},\"sameAs\":[\"https:\\\/\\\/www.facebook.com\\\/GenerationEcom\\\/?fref=ts\",\"https:\\\/\\\/www.linkedin.com\\\/company\\\/generationecom\\\/\"]}]}<\/script>\n<!-- \/ Yoast SEO plugin. -->","yoast_head_json":{"title":"Marketplace Expert: Alibaba, Amazon & More - Generation eCom","description":"Save time and eliminate many risks. With our expertise, you have access to all the services necessary to generate an Amazon and Alibaba online store","robots":{"index":"index","follow":"follow","max-snippet":"max-snippet:-1","max-image-preview":"max-image-preview:large","max-video-preview":"max-video-preview:-1"},"canonical":"https:\/\/generationecom.com\/en\/the-agency-en-2\/","og_locale":"en_US","og_type":"article","og_title":"Marketplace Expert: Alibaba, Amazon & More - Generation eCom","og_description":"Save time and eliminate many risks. With our expertise, you have access to all the services necessary to generate an Amazon and Alibaba online store","og_url":"https:\/\/generationecom.com\/en\/the-agency-en-2\/","og_site_name":"Generation eCom","article_publisher":"https:\/\/www.facebook.com\/GenerationEcom\/?fref=ts","article_modified_time":"2024-02-19T16:23:30+00:00","og_image":[{"url":"https:\/\/generationecom.com\/wp-content\/uploads\/2022\/02\/eric-paul-expert-amazon-president-300x300.jpg","type":"","width":"","height":""}],"twitter_card":"summary_large_image","twitter_misc":{"Est. reading time":"5 minutes"},"schema":{"@context":"https:\/\/schema.org","@graph":[{"@type":"WebPage","@id":"https:\/\/generationecom.com\/en\/the-agency-en-2\/","url":"https:\/\/generationecom.com\/en\/the-agency-en-2\/","name":"Marketplace Expert: Alibaba, Amazon & More - Generation eCom","isPartOf":{"@id":"https:\/\/generationecom.com\/#website"},"primaryImageOfPage":{"@id":"https:\/\/generationecom.com\/en\/the-agency-en-2\/#primaryimage"},"image":{"@id":"https:\/\/generationecom.com\/en\/the-agency-en-2\/#primaryimage"},"thumbnailUrl":"https:\/\/generationecom.com\/wp-content\/uploads\/2022\/02\/eric-paul-expert-amazon-president-300x300.jpg","datePublished":"2022-03-07T10:31:19+00:00","dateModified":"2024-02-19T16:23:30+00:00","description":"Save time and eliminate many risks. With our expertise, you have access to all the services necessary to generate an Amazon and Alibaba online store","breadcrumb":{"@id":"https:\/\/generationecom.com\/en\/the-agency-en-2\/#breadcrumb"},"inLanguage":"en-US","potentialAction":[{"@type":"ReadAction","target":["https:\/\/generationecom.com\/en\/the-agency-en-2\/"]}]},{"@type":"ImageObject","inLanguage":"en-US","@id":"https:\/\/generationecom.com\/en\/the-agency-en-2\/#primaryimage","url":"https:\/\/generationecom.com\/wp-content\/uploads\/2022\/02\/eric-paul-expert-amazon-president-300x300.jpg","contentUrl":"https:\/\/generationecom.com\/wp-content\/uploads\/2022\/02\/eric-paul-expert-amazon-president-300x300.jpg"},{"@type":"BreadcrumbList","@id":"https:\/\/generationecom.com\/en\/the-agency-en-2\/#breadcrumb","itemListElement":[{"@type":"ListItem","position":1,"name":"Home","item":"https:\/\/generationecom.com\/en\/"},{"@type":"ListItem","position":2,"name":"The agency &#8211; en"}]},{"@type":"WebSite","@id":"https:\/\/generationecom.com\/#website","url":"https:\/\/generationecom.com\/","name":"Generation eCom | Experts for Amazon | Montr\u00e9al, Qu\u00e9bec","description":"Experts Marketplace","publisher":{"@id":"https:\/\/generationecom.com\/#organization"},"alternateName":"GenerationEcom","potentialAction":[{"@type":"SearchAction","target":{"@type":"EntryPoint","urlTemplate":"https:\/\/generationecom.com\/?s={search_term_string}"},"query-input":{"@type":"PropertyValueSpecification","valueRequired":true,"valueName":"search_term_string"}}],"inLanguage":"en-US"},{"@type":"Organization","@id":"https:\/\/generationecom.com\/#organization","name":"Generation eCom","alternateName":"gEcom","url":"https:\/\/generationecom.com\/","logo":{"@type":"ImageObject","inLanguage":"en-US","@id":"https:\/\/generationecom.com\/#\/schema\/logo\/image\/","url":"https:\/\/generationecom.com\/wp-content\/uploads\/2022\/03\/cropped-GeneComlogo2-e1647622937739.png","contentUrl":"https:\/\/generationecom.com\/wp-content\/uploads\/2022\/03\/cropped-GeneComlogo2-e1647622937739.png","width":200,"height":88,"caption":"Generation eCom"},"image":{"@id":"https:\/\/generationecom.com\/#\/schema\/logo\/image\/"},"sameAs":["https:\/\/www.facebook.com\/GenerationEcom\/?fref=ts","https:\/\/www.linkedin.com\/company\/generationecom\/"]}]}},"_links":{"self":[{"href":"https:\/\/generationecom.com\/en\/wp-json\/wp\/v2\/pages\/46264","targetHints":{"allow":["GET"]}}],"collection":[{"href":"https:\/\/generationecom.com\/en\/wp-json\/wp\/v2\/pages"}],"about":[{"href":"https:\/\/generationecom.com\/en\/wp-json\/wp\/v2\/types\/page"}],"author":[{"embeddable":true,"href":"https:\/\/generationecom.com\/en\/wp-json\/wp\/v2\/users\/8"}],"replies":[{"embeddable":true,"href":"https:\/\/generationecom.com\/en\/wp-json\/wp\/v2\/comments?post=46264"}],"version-history":[{"count":69,"href":"https:\/\/generationecom.com\/en\/wp-json\/wp\/v2\/pages\/46264\/revisions"}],"predecessor-version":[{"id":49534,"href":"https:\/\/generationecom.com\/en\/wp-json\/wp\/v2\/pages\/46264\/revisions\/49534"}],"wp:attachment":[{"href":"https:\/\/generationecom.com\/en\/wp-json\/wp\/v2\/media?parent=46264"}],"curies":[{"name":"wp","href":"https:\/\/api.w.org\/{rel}","templated":true}]}}